{"id":46,"date":"2023-12-21T12:48:51","date_gmt":"2023-12-21T12:48:51","guid":{"rendered":"https:\/\/ts.tioent.com\/?page_id=46"},"modified":"2023-12-25T05:22:11","modified_gmt":"2023-12-25T05:22:11","slug":"refund_returns","status":"publish","type":"page","link":"https:\/\/ts.tioent.com\/es\/devoluciones_devolucion\/","title":{"rendered":"Pol\u00edtica de devoluciones y reembolsos"},"content":{"rendered":"[et_pb_section admin_label=&#8221;section&#8221;]\n\t\t\t[et_pb_row admin_label=&#8221;row&#8221;]\n\t\t\t\t[et_pb_column type=&#8221;4_4&#8243;][et_pb_text admin_label=&#8221;Text&#8221;]\n<p><b>Esta es una p\u00e1gina de muestra.<\/b><\/p>\n\n\n\n<h3>Visi\u00f3n general<\/h3>\n\n\n\n<p>Nuestra pol\u00edtica de reembolsos y devoluciones dura 30 d\u00edas. Si han pasado 30 d\u00edas desde su compra, no podemos ofrecerle un reembolso o cambio completo.<\/p>\n\n\n\n<p>Para poder realizar una devoluci\u00f3n, el art\u00edculo debe estar sin usar, en el mismo estado en que lo recibi\u00f3 y en su embalaje original.<\/p>\n\n\n\n<p>Varios tipos de productos est\u00e1n exentos de devoluci\u00f3n. Los productos perecederos, como alimentos, flores, peri\u00f3dicos o revistas, no pueden devolverse. No se aceptan productos que sean art\u00edculos \u00edntimos o sanitarios, materiales peligrosos o l\u00edquidos o gases inflamables.<\/p>\n\n\n\n<p>Art\u00edculos adicionales no retornables.<\/p>\n\n\n\n<ul class=\"wp-block-list\">\n<li>Tarjetas regalo<\/li>\n<li>Productos de software descargables<\/li>\n<li>Algunos art\u00edculos de salud y cuidado personal<\/li>\n<\/ul>\n\n\n\n<p>Para completar su devoluci\u00f3n, necesitamos un recibo o prueba de compra.<\/p>\n\n\n\n<p>No devuelva su compra al fabricante.<\/p>\n\n\n\n<p>Hay determinadas situaciones en las que s\u00f3lo se conceden devoluciones parciales.<\/p>\n\n\n\n<ul class=\"wp-block-list\">\n<li>Libro con signos evidentes de uso<\/li>\n<li>CD, DVD, cinta VHS, software, videojuego, cinta de casete o disco de vinilo que haya sido abierto.<\/li>\n<li>Cualquier art\u00edculo que no se encuentre en su estado original, est\u00e9 da\u00f1ado o le falten piezas por motivos que no se deban a un error nuestro.<\/li>\n<li>Cualquier art\u00edculo que se devuelva m\u00e1s de 30 d\u00edas despu\u00e9s de la entrega<\/li>\n<\/ul>\n\n\n\n<h2>Reembolsos<\/h2>\n\n\n\n<p>Una vez recibida e inspeccionada su devoluci\u00f3n, le enviaremos un correo electr\u00f3nico para notificarle que hemos recibido su art\u00edculo devuelto. Tambi\u00e9n le notificaremos la aprobaci\u00f3n o el rechazo de su reembolso. Tambi\u00e9n le notificaremos la aprobaci\u00f3n o el rechazo de su reembolso.<\/p>\n\n\n\n<p>Si se aprueba su solicitud, se procesar\u00e1 el reembolso y se aplicar\u00e1 autom\u00e1ticamente un cr\u00e9dito a su tarjeta de cr\u00e9dito o m\u00e9todo de pago original en un plazo determinado. en un plazo determinado de d\u00edas.<\/p>\n\n\n\n<b>Reembolsos atrasados o no efectuados<\/b>\n\n\n\n<p>Si a\u00fan no ha recibido el reembolso, compruebe primero de nuevo su cuenta bancaria.<\/p>\n\n\n\n<p>A continuaci\u00f3n, p\u00f3ngase en contacto con la entidad emisora de su tarjeta de cr\u00e9dito, ya que el reembolso puede tardar alg\u00fan tiempo en hacerse efectivo oficialmente.<\/p>\n\n\n\n<p>A continuaci\u00f3n, p\u00f3ngase en contacto con su banco, ya que suele transcurrir cierto tiempo antes de que se contabilice el reembolso.<\/p>\n\n\n\n<p>Si ha hecho todo esto y a\u00fan no ha recibido el reembolso, p\u00f3ngase en contacto con nosotros en la {direcci\u00f3n de correo electr\u00f3nico}.<\/p>\n\n\n\n<b>Art\u00edculos en venta<\/b>\n\n\n\n<p>S\u00f3lo se reembolsar\u00e1n los art\u00edculos de precio normal. No se reembolsar\u00e1n los art\u00edculos en oferta.<\/p>\n\n\n\n<h2>Intercambios<\/h2>\n\n\n\n<p>S\u00f3lo sustituimos art\u00edculos si est\u00e1n defectuosos o da\u00f1ados. Si necesitas cambiarlo por el mismo art\u00edculo, env\u00edanos un correo electr\u00f3nico a {email address} y env\u00eda tu art\u00edculo a: { physical address}. direcci\u00f3n f\u00edsica}.<\/p>\n\n\n\n<h2>Regalos<\/h2>\n\n\n\n<p>Si el art\u00edculo estaba marcado como regalo cuando se compr\u00f3 y se le envi\u00f3 directamente, recibir\u00e1 un cr\u00e9dito de regalo por el valor de su devoluci\u00f3n. Una vez recibido el art\u00edculo devuelto, se le enviar\u00e1 por correo un certificado de regalo. Si el art\u00edculo estaba marcado como regalo cuando se compr\u00f3 y se le envi\u00f3 directamente, recibir\u00e1 un cr\u00e9dito de regalo por el valor de su devoluci\u00f3n.<\/p>\n\n\n\n<p>Si el art\u00edculo no estaba marcado como regalo en el momento de la compra, o si la persona que hizo el regalo se envi\u00f3 el pedido a s\u00ed misma para entreg\u00e1rselo m\u00e1s tarde, le enviaremos un reembolso. Si el art\u00edculo no estaba marcado como regalo en el momento de la compra, o si la persona que hizo el regalo se envi\u00f3 el pedido a s\u00ed misma para regal\u00e1rselo a usted m\u00e1s tarde, enviaremos un reembolso a la persona que hizo el regalo y ella se enterar\u00e1 de su devoluci\u00f3n.<\/p>\n\n\n\n<h2>Devoluciones<\/h2>\n\n\n\n<p>Para devolver su producto, debe enviarlo por correo a: {direcci\u00f3n f\u00edsica}.<\/p>\n\n\n\n<p>Los gastos de env\u00edo no son reembolsables. Si recibe un reembolso, el coste del env\u00edo de devoluci\u00f3n se deducir\u00e1 de su reembolso. Si recibe un reembolso, se le descontar\u00e1n los gastos de env\u00edo de la devoluci\u00f3n.<\/p>\n\n\n\n<p>Dependiendo de d\u00f3nde viva, el tiempo que puede tardar en llegarle el producto intercambiado puede variar.<\/p>\n\n\n\n<p>Si va a devolver art\u00edculos m\u00e1s caros, le recomendamos que utilice un servicio de env\u00edo con seguimiento o que contrate un seguro de env\u00edo. no garantizamos que recibamos el art\u00edculo devuelto.<\/p>\n\n\n\n<h2>\u00bfNecesitas ayuda?<\/h2>\n\n\n\n<p>P\u00f3ngase en contacto con nosotros en {email} para cuestiones relacionadas con reembolsos y devoluciones.<\/p>\n[\/et_pb_text][\/et_pb_column]\n\t\t\t[\/et_pb_row]\n\t\t[\/et_pb_section]","protected":false},"excerpt":{"rendered":"<p>This is a sample page. Overview Our refund and returns  [&hellip;]<\/p>","protected":false},"author":1,"featured_media":0,"parent":0,"menu_order":0,"comment_status":"closed","ping_status":"closed","template":"","meta":{"_et_pb_use_builder":"on","_et_pb_old_content":"<!-- wp:paragraph -->\n<p><b>This is a sample page.<\/b><\/p>\n<!-- \/wp:paragraph -->\n\n<!-- wp:paragraph -->\n<h3>Overview<\/h3>\n<!-- \/wp:paragraph -->\n\n<!-- wp:paragraph -->\n<p>Our refund and returns policy lasts 30 days. If 30 days have passed since your purchase, we can\u2019t offer you a full refund or exchange.<\/p>\n<!-- \/wp:paragraph -->\n\n<!-- wp:paragraph -->\n<p>To be eligible for a return, your item must be unused and in the same condition that you received it. It must also be in the original packaging.<\/p>\n<!-- \/wp:paragraph -->\n\n<!-- wp:paragraph -->\n<p>Several types of goods are exempt from being returned. Perishable goods such as food, flowers, newspapers or magazines cannot be returned. We also do not accept products that are intimate or sanitary goods, hazardous materials, or flammable liquids or gases.<\/p>\n<!-- \/wp:paragraph -->\n\n<!-- wp:paragraph -->\n<p>Additional non-returnable items:<\/p>\n<!-- \/wp:paragraph -->\n\n<!-- wp:list -->\n<ul>\n<li>Gift cards<\/li>\n<li>Downloadable software products<\/li>\n<li>Some health and personal care items<\/li>\n<\/ul>\n<!-- \/wp:list -->\n\n<!-- wp:paragraph -->\n<p>To complete your return, we require a receipt or proof of purchase.<\/p>\n<!-- \/wp:paragraph -->\n\n<!-- wp:paragraph -->\n<p>Please do not send your purchase back to the manufacturer.<\/p>\n<!-- \/wp:paragraph -->\n\n<!-- wp:paragraph -->\n<p>There are certain situations where only partial refunds are granted:<\/p>\n<!-- \/wp:paragraph -->\n\n<!-- wp:list -->\n<ul>\n<li>Book with obvious signs of use<\/li>\n<li>CD, DVD, VHS tape, software, video game, cassette tape, or vinyl record that has been opened.<\/li>\n<li>Any item not in its original condition, is damaged or missing parts for reasons not due to our error.<\/li>\n<li>Any item that is returned more than 30 days after delivery<\/li>\n<\/ul>\n<!-- \/wp:list -->\n\n<!-- wp:paragraph -->\n<h2>Refunds<\/h2>\n<!-- \/wp:paragraph -->\n\n<!-- wp:paragraph -->\n<p>Once your return is received and inspected, we will send you an email to notify you that we have received your returned item. We will also notify you of the approval or rejection of your refund.<\/p>\n<!-- \/wp:paragraph -->\n\n<!-- wp:paragraph -->\n<p>If you are approved, then your refund will be processed, and a credit will automatically be applied to your credit card or original method of payment, within a certain amount of days.<\/p>\n<!-- \/wp:paragraph -->\n\n<!-- wp:paragraph -->\n<b>Late or missing refunds<\/b>\n<!-- \/wp:paragraph -->\n\n<!-- wp:paragraph -->\n<p>If you haven\u2019t received a refund yet, first check your bank account again.<\/p>\n<!-- \/wp:paragraph -->\n\n<!-- wp:paragraph -->\n<p>Then contact your credit card company, it may take some time before your refund is officially posted.<\/p>\n<!-- \/wp:paragraph -->\n\n<!-- wp:paragraph -->\n<p>Next contact your bank. There is often some processing time before a refund is posted.<\/p>\n<!-- \/wp:paragraph -->\n\n<!-- wp:paragraph -->\n<p>If you\u2019ve done all of this and you still have not received your refund yet, please contact us at {email address}.<\/p>\n<!-- \/wp:paragraph -->\n\n<!-- wp:paragraph -->\n<b>Sale items<\/b>\n<!-- \/wp:paragraph -->\n\n<!-- wp:paragraph -->\n<p>Only regular priced items may be refunded. Sale items cannot be refunded.<\/p>\n<!-- \/wp:paragraph -->\n\n<!-- wp:paragraph -->\n<h2>Exchanges<\/h2>\n<!-- \/wp:paragraph -->\n\n<!-- wp:paragraph -->\n<p>We only replace items if they are defective or damaged. If you need to exchange it for the same item, send us an email at {email address} and send your item to: {physical address}.<\/p>\n<!-- \/wp:paragraph -->\n\n<!-- wp:paragraph -->\n<h2>Gifts<\/h2>\n<!-- \/wp:paragraph -->\n\n<!-- wp:paragraph -->\n<p>If the item was marked as a gift when purchased and shipped directly to you, you\u2019ll receive a gift credit for the value of your return. Once the returned item is received, a gift certificate will be mailed to you.<\/p>\n<!-- \/wp:paragraph -->\n\n<!-- wp:paragraph -->\n<p>If the item wasn\u2019t marked as a gift when purchased, or the gift giver had the order shipped to themselves to give to you later, we will send a refund to the gift giver and they will find out about your return.<\/p>\n<!-- \/wp:paragraph -->\n\n<!-- wp:paragraph -->\n<h2>Shipping returns<\/h2>\n<!-- \/wp:paragraph -->\n\n<!-- wp:paragraph -->\n<p>To return your product, you should mail your product to: {physical address}.<\/p>\n<!-- \/wp:paragraph -->\n\n<!-- wp:paragraph -->\n<p>You will be responsible for paying for your own shipping costs for returning your item. Shipping costs are non-refundable. If you receive a refund, the cost of return shipping will be deducted from your refund.<\/p>\n<!-- \/wp:paragraph -->\n\n<!-- wp:paragraph -->\n<p>Depending on where you live, the time it may take for your exchanged product to reach you may vary.<\/p>\n<!-- \/wp:paragraph -->\n\n<!-- wp:paragraph -->\n<p>If you are returning more expensive items, you may consider using a trackable shipping service or purchasing shipping insurance. We don\u2019t guarantee that we will receive your returned item.<\/p>\n<!-- \/wp:paragraph -->\n\n<!-- wp:paragraph -->\n<h2>Need help?<\/h2>\n<!-- \/wp:paragraph -->\n\n<!-- wp:paragraph -->\n<p>Contact us at {email} for questions related to refunds and returns.<\/p>\n<!-- \/wp:paragraph -->","_et_gb_content_width":"","footnotes":""},"class_list":["post-46","page","type-page","status-publish","hentry"],"yoast_head":"<!-- This site is optimized with the Yoast SEO Premium plugin v21.7 (Yoast SEO v21.9.1) - https:\/\/yoast.com\/wordpress\/plugins\/seo\/ -->\n<title>\u9000\u6b3e\u548c\u9000\u8ca8\u653f\u7b56 - Testpaper<\/title>\n<meta name=\"robots\" content=\"index, follow, max-snippet:-1, max-image-preview:large, max-video-preview:-1\" \/>\n<link rel=\"canonical\" href=\"https:\/\/ts.tioent.com\/es\/devoluciones_devolucion\/\" \/>\n<meta property=\"og:locale\" content=\"es_ES\" \/>\n<meta property=\"og:type\" content=\"article\" \/>\n<meta property=\"og:title\" content=\"\u9000\u6b3e\u548c\u9000\u8ca8\u653f\u7b56\" \/>\n<meta property=\"og:description\" content=\"This is a sample page. Overview Our refund and returns [&hellip;]\" \/>\n<meta property=\"og:url\" content=\"https:\/\/ts.tioent.com\/es\/devoluciones_devolucion\/\" \/>\n<meta property=\"og:site_name\" content=\"Testpaper\" \/>\n<meta property=\"article:publisher\" content=\"https:\/\/www.facebook.com\/acustrip\" \/>\n<meta property=\"article:modified_time\" content=\"2023-12-25T05:22:11+00:00\" \/>\n<meta name=\"twitter:card\" content=\"summary_large_image\" \/>\n<meta name=\"twitter:label1\" content=\"Tiempo de lectura\" \/>\n\t<meta name=\"twitter:data1\" content=\"3 minutos\" \/>\n<script type=\"application\/ld+json\" class=\"yoast-schema-graph\">{\"@context\":\"https:\/\/schema.org\",\"@graph\":[{\"@type\":\"WebPage\",\"@id\":\"https:\/\/ts.tioent.com\/refund_returns\/\",\"url\":\"https:\/\/ts.tioent.com\/refund_returns\/\",\"name\":\"\u9000\u6b3e\u548c\u9000\u8ca8\u653f\u7b56 - Testpaper\",\"isPartOf\":{\"@id\":\"https:\/\/ts.tioent.com\/#website\"},\"datePublished\":\"2023-12-21T12:48:51+00:00\",\"dateModified\":\"2023-12-25T05:22:11+00:00\",\"breadcrumb\":{\"@id\":\"https:\/\/ts.tioent.com\/refund_returns\/#breadcrumb\"},\"inLanguage\":\"es\",\"potentialAction\":[{\"@type\":\"ReadAction\",\"target\":[\"https:\/\/ts.tioent.com\/refund_returns\/\"]}]},{\"@type\":\"BreadcrumbList\",\"@id\":\"https:\/\/ts.tioent.com\/refund_returns\/#breadcrumb\",\"itemListElement\":[{\"@type\":\"ListItem\",\"position\":1,\"name\":\"\u9996\u9801\",\"item\":\"https:\/\/ts.tioent.com\/\"},{\"@type\":\"ListItem\",\"position\":2,\"name\":\"\u9000\u6b3e\u548c\u9000\u8ca8\u653f\u7b56\"}]},{\"@type\":\"WebSite\",\"@id\":\"https:\/\/ts.tioent.com\/#website\",\"url\":\"https:\/\/ts.tioent.com\/\",\"name\":\"Testpaper\",\"description\":\"\",\"publisher\":{\"@id\":\"https:\/\/ts.tioent.com\/#organization\"},\"potentialAction\":[{\"@type\":\"SearchAction\",\"target\":{\"@type\":\"EntryPoint\",\"urlTemplate\":\"https:\/\/ts.tioent.com\/?s={search_term_string}\"},\"query-input\":\"required name=search_term_string\"}],\"inLanguage\":\"es\"},{\"@type\":[\"Organization\",\"Place\"],\"@id\":\"https:\/\/ts.tioent.com\/#organization\",\"name\":\"Testpaper\",\"url\":\"https:\/\/ts.tioent.com\/\",\"logo\":{\"@id\":\"https:\/\/ts.tioent.com\/refund_returns\/#local-main-organization-logo\"},\"image\":{\"@id\":\"https:\/\/ts.tioent.com\/refund_returns\/#local-main-organization-logo\"},\"sameAs\":[\"https:\/\/www.facebook.com\/acustrip\",\"https:\/\/www.linkedin.com\/company\/acustrip-co-inc\",\"https:\/\/www.youtube.com\/channel\/UCmuAH9Zkcsz-QYed7c3qDjg\"],\"openingHoursSpecification\":[{\"@type\":\"OpeningHoursSpecification\",\"dayOfWeek\":[\"Monday\",\"Tuesday\",\"Wednesday\",\"Thursday\",\"Friday\",\"Saturday\",\"Sunday\"],\"opens\":\"09:00\",\"closes\":\"17:00\"}]},{\"@type\":\"ImageObject\",\"inLanguage\":\"es\",\"@id\":\"https:\/\/ts.tioent.com\/refund_returns\/#local-main-organization-logo\",\"url\":\"https:\/\/ts.tioent.com\/wp-content\/uploads\/2023\/09\/acuLogo_sm70.png\",\"contentUrl\":\"https:\/\/ts.tioent.com\/wp-content\/uploads\/2023\/09\/acuLogo_sm70.png\",\"width\":175,\"height\":70,\"caption\":\"Testpaper\"}]}<\/script>\n<!-- \/ Yoast SEO Premium plugin. -->","yoast_head_json":{"title":"\u9000\u6b3e\u548c\u9000\u8ca8\u653f\u7b56 - Testpaper","robots":{"index":"index","follow":"follow","max-snippet":"max-snippet:-1","max-image-preview":"max-image-preview:large","max-video-preview":"max-video-preview:-1"},"canonical":"https:\/\/ts.tioent.com\/es\/devoluciones_devolucion\/","og_locale":"es_ES","og_type":"article","og_title":"\u9000\u6b3e\u548c\u9000\u8ca8\u653f\u7b56","og_description":"This is a sample page. Overview Our refund and returns [&hellip;]","og_url":"https:\/\/ts.tioent.com\/es\/devoluciones_devolucion\/","og_site_name":"Testpaper","article_publisher":"https:\/\/www.facebook.com\/acustrip","article_modified_time":"2023-12-25T05:22:11+00:00","twitter_card":"summary_large_image","twitter_misc":{"Tiempo de lectura":"3 minutos"},"schema":{"@context":"https:\/\/schema.org","@graph":[{"@type":"WebPage","@id":"https:\/\/ts.tioent.com\/refund_returns\/","url":"https:\/\/ts.tioent.com\/refund_returns\/","name":"\u9000\u6b3e\u548c\u9000\u8ca8\u653f\u7b56 - Testpaper","isPartOf":{"@id":"https:\/\/ts.tioent.com\/#website"},"datePublished":"2023-12-21T12:48:51+00:00","dateModified":"2023-12-25T05:22:11+00:00","breadcrumb":{"@id":"https:\/\/ts.tioent.com\/refund_returns\/#breadcrumb"},"inLanguage":"es","potentialAction":[{"@type":"ReadAction","target":["https:\/\/ts.tioent.com\/refund_returns\/"]}]},{"@type":"BreadcrumbList","@id":"https:\/\/ts.tioent.com\/refund_returns\/#breadcrumb","itemListElement":[{"@type":"ListItem","position":1,"name":"\u9996\u9801","item":"https:\/\/ts.tioent.com\/"},{"@type":"ListItem","position":2,"name":"\u9000\u6b3e\u548c\u9000\u8ca8\u653f\u7b56"}]},{"@type":"WebSite","@id":"https:\/\/ts.tioent.com\/#website","url":"https:\/\/ts.tioent.com\/","name":"Testpaper","description":"","publisher":{"@id":"https:\/\/ts.tioent.com\/#organization"},"potentialAction":[{"@type":"SearchAction","target":{"@type":"EntryPoint","urlTemplate":"https:\/\/ts.tioent.com\/?s={search_term_string}"},"query-input":"required name=search_term_string"}],"inLanguage":"es"},{"@type":["Organization","Place"],"@id":"https:\/\/ts.tioent.com\/#organization","name":"Testpaper","url":"https:\/\/ts.tioent.com\/","logo":{"@id":"https:\/\/ts.tioent.com\/refund_returns\/#local-main-organization-logo"},"image":{"@id":"https:\/\/ts.tioent.com\/refund_returns\/#local-main-organization-logo"},"sameAs":["https:\/\/www.facebook.com\/acustrip","https:\/\/www.linkedin.com\/company\/acustrip-co-inc","https:\/\/www.youtube.com\/channel\/UCmuAH9Zkcsz-QYed7c3qDjg"],"openingHoursSpecification":[{"@type":"OpeningHoursSpecification","dayOfWeek":["Monday","Tuesday","Wednesday","Thursday","Friday","Saturday","Sunday"],"opens":"09:00","closes":"17:00"}]},{"@type":"ImageObject","inLanguage":"es","@id":"https:\/\/ts.tioent.com\/refund_returns\/#local-main-organization-logo","url":"https:\/\/ts.tioent.com\/wp-content\/uploads\/2023\/09\/acuLogo_sm70.png","contentUrl":"https:\/\/ts.tioent.com\/wp-content\/uploads\/2023\/09\/acuLogo_sm70.png","width":175,"height":70,"caption":"Testpaper"}]}},"jetpack_sharing_enabled":true,"_links":{"self":[{"href":"https:\/\/ts.tioent.com\/es\/wp-json\/wp\/v2\/pages\/46","targetHints":{"allow":["GET"]}}],"collection":[{"href":"https:\/\/ts.tioent.com\/es\/wp-json\/wp\/v2\/pages"}],"about":[{"href":"https:\/\/ts.tioent.com\/es\/wp-json\/wp\/v2\/types\/page"}],"author":[{"embeddable":true,"href":"https:\/\/ts.tioent.com\/es\/wp-json\/wp\/v2\/users\/1"}],"replies":[{"embeddable":true,"href":"https:\/\/ts.tioent.com\/es\/wp-json\/wp\/v2\/comments?post=46"}],"version-history":[{"count":3,"href":"https:\/\/ts.tioent.com\/es\/wp-json\/wp\/v2\/pages\/46\/revisions"}],"predecessor-version":[{"id":980,"href":"https:\/\/ts.tioent.com\/es\/wp-json\/wp\/v2\/pages\/46\/revisions\/980"}],"wp:attachment":[{"href":"https:\/\/ts.tioent.com\/es\/wp-json\/wp\/v2\/media?parent=46"}],"curies":[{"name":"wp","href":"https:\/\/api.w.org\/{rel}","templated":true}]}}