{"id":2,"date":"2023-09-06T16:15:50","date_gmt":"2023-09-06T16:15:50","guid":{"rendered":"http:\/\/ts.tioent.com\/?page_id=2"},"modified":"2023-09-07T02:20:13","modified_gmt":"2023-09-07T02:20:13","slug":"sample-page","status":"publish","type":"page","link":"https:\/\/ts.tioent.com\/es\/pagina-de-muestra\/","title":{"rendered":"P\u00e1gina de muestra"},"content":{"rendered":"[et_pb_section admin_label=&#8221;section&#8221;]\n\t\t\t[et_pb_row admin_label=&#8221;row&#8221;]\n\t\t\t\t[et_pb_column type=&#8221;4_4&#8243;][et_pb_text admin_label=&#8221;Text&#8221;]\n<p>Es diferente de una entrada de blog porque permanecer\u00e1 en un lugar y se mostrar\u00e1 en la navegaci\u00f3n de su sitio (en la mayor\u00eda de los sitios web). La mayor\u00eda de la gente empieza con una p\u00e1gina \"Acerca de\" que les presenta a los visitantes potenciales del sitio). La mayor\u00eda de la gente empieza con una p\u00e1gina \"Acerca de\" que les presenta a los visitantes potenciales del sitio. Podr\u00eda decir algo as\u00ed.<\/p>\n\n\n\n<blockquote class=\"wp-block-quote is-layout-flow wp-block-quote-is-layout-flow\"><p>Soy un mensajero en bicicleta de d\u00eda, aspirante a actor de noche, y este es mi sitio web. Vivo en Los \u00c1ngeles, tengo un gran perro llamado Jack, y me gusta la pi\u00f1a colada. (Y que me pille la lluvia.) Vivo en Los \u00c1ngeles, tengo un perro estupendo que se llama Jack y me gustan las pi\u00f1as coladas (y que me pille la lluvia).<\/p><\/blockquote>\n\n\n\n<p>...o algo as\u00ed.<\/p>\n\n\n\n<blockquote class=\"wp-block-quote is-layout-flow wp-block-quote-is-layout-flow\"><p>XYZ Doohickey Company se fund\u00f3 en 1971 y, desde entonces, ofrece al p\u00fablico doohickeys de calidad. Situada en Gotham City, XYZ emplea a m\u00e1s de 2.000 personas y hace todo tipo de cosas incre\u00edbles para la comunidad de Gotham. 2.000 personas y hace todo tipo de cosas incre\u00edbles para la comunidad de Gotham.<\/p><\/blockquote>\n\n\n\n<p>Como nuevo usuario de WordPress, debe ir a <a href=\"https:\/\/ts.tioent.com\/wp-admin\/\">tu panel de control<\/a> para eliminar esta p\u00e1gina y crear nuevas p\u00e1ginas para su contenido. \u00a1Divi\u00e9rtase!<\/p>\n[\/et_pb_text][\/et_pb_column]\n\t\t\t[\/et_pb_row]\n\t\t[\/et_pb_section]","protected":false},"excerpt":{"rendered":"<p>This is an example page. It&#8217;s different from a blog pos [&hellip;]<\/p>","protected":false},"author":1,"featured_media":0,"parent":0,"menu_order":0,"comment_status":"closed","ping_status":"open","template":"","meta":{"_et_pb_use_builder":"on","_et_pb_old_content":"<!-- wp:paragraph -->\n<p>This is an example page. It's different from a blog post because it will stay in one place and will show up in your site navigation (in most themes). Most people start with an About page that introduces them to potential site visitors. It might say something like this:<\/p>\n<!-- \/wp:paragraph -->\n\n<!-- wp:quote -->\n<blockquote class=\"wp-block-quote\"><p>Hi there! I'm a bike messenger by day, aspiring actor by night, and this is my website. I live in Los Angeles, have a great dog named Jack, and I like pi&#241;a coladas. (And gettin' caught in the rain.)<\/p><\/blockquote>\n<!-- \/wp:quote -->\n\n<!-- wp:paragraph -->\n<p>...or something like this:<\/p>\n<!-- \/wp:paragraph -->\n\n<!-- wp:quote -->\n<blockquote class=\"wp-block-quote\"><p>The XYZ Doohickey Company was founded in 1971, and has been providing quality doohickeys to the public ever since. Located in Gotham City, XYZ employs over 2,000 people and does all kinds of awesome things for the Gotham community.<\/p><\/blockquote>\n<!-- \/wp:quote -->\n\n<!-- wp:paragraph -->\n<p>As a new WordPress user, you should go to <a href=\"https:\/\/ts.tioent.com\/wp-admin\/\">your dashboard<\/a> to delete this page and create new pages for your content. Have fun!<\/p>\n<!-- \/wp:paragraph -->","_et_gb_content_width":"","footnotes":""},"class_list":["post-2","page","type-page","status-publish","hentry"],"yoast_head":"<!-- This site is optimized with the Yoast SEO Premium plugin v21.7 (Yoast SEO v21.9.1) - https:\/\/yoast.com\/wordpress\/plugins\/seo\/ -->\n<title>Sample Page - Testpaper<\/title>\n<meta name=\"robots\" content=\"index, follow, max-snippet:-1, max-image-preview:large, max-video-preview:-1\" \/>\n<link rel=\"canonical\" href=\"https:\/\/ts.tioent.com\/es\/pagina-de-muestra\/\" \/>\n<meta property=\"og:locale\" content=\"es_ES\" \/>\n<meta property=\"og:type\" content=\"article\" \/>\n<meta property=\"og:title\" content=\"Sample Page\" \/>\n<meta property=\"og:description\" content=\"This is an example page. It&#039;s different from a blog pos [&hellip;]\" \/>\n<meta property=\"og:url\" content=\"https:\/\/ts.tioent.com\/es\/pagina-de-muestra\/\" \/>\n<meta property=\"og:site_name\" content=\"Testpaper\" \/>\n<meta property=\"article:publisher\" content=\"https:\/\/www.facebook.com\/acustrip\" \/>\n<meta property=\"article:modified_time\" content=\"2023-09-07T02:20:13+00:00\" \/>\n<meta name=\"twitter:card\" content=\"summary_large_image\" \/>\n<meta name=\"twitter:label1\" content=\"Tiempo de lectura\" \/>\n\t<meta name=\"twitter:data1\" content=\"1 minuto\" \/>\n<script type=\"application\/ld+json\" class=\"yoast-schema-graph\">{\"@context\":\"https:\/\/schema.org\",\"@graph\":[{\"@type\":\"WebPage\",\"@id\":\"https:\/\/ts.tioent.com\/sample-page\/\",\"url\":\"https:\/\/ts.tioent.com\/sample-page\/\",\"name\":\"Sample Page - Testpaper\",\"isPartOf\":{\"@id\":\"https:\/\/ts.tioent.com\/#website\"},\"datePublished\":\"2023-09-06T16:15:50+00:00\",\"dateModified\":\"2023-09-07T02:20:13+00:00\",\"breadcrumb\":{\"@id\":\"https:\/\/ts.tioent.com\/sample-page\/#breadcrumb\"},\"inLanguage\":\"es\",\"potentialAction\":[{\"@type\":\"ReadAction\",\"target\":[\"https:\/\/ts.tioent.com\/sample-page\/\"]}]},{\"@type\":\"BreadcrumbList\",\"@id\":\"https:\/\/ts.tioent.com\/sample-page\/#breadcrumb\",\"itemListElement\":[{\"@type\":\"ListItem\",\"position\":1,\"name\":\"\u9996\u9801\",\"item\":\"https:\/\/ts.tioent.com\/\"},{\"@type\":\"ListItem\",\"position\":2,\"name\":\"Sample Page\"}]},{\"@type\":\"WebSite\",\"@id\":\"https:\/\/ts.tioent.com\/#website\",\"url\":\"https:\/\/ts.tioent.com\/\",\"name\":\"Testpaper\",\"description\":\"\",\"publisher\":{\"@id\":\"https:\/\/ts.tioent.com\/#organization\"},\"potentialAction\":[{\"@type\":\"SearchAction\",\"target\":{\"@type\":\"EntryPoint\",\"urlTemplate\":\"https:\/\/ts.tioent.com\/?s={search_term_string}\"},\"query-input\":\"required name=search_term_string\"}],\"inLanguage\":\"es\"},{\"@type\":[\"Organization\",\"Place\"],\"@id\":\"https:\/\/ts.tioent.com\/#organization\",\"name\":\"Testpaper\",\"url\":\"https:\/\/ts.tioent.com\/\",\"logo\":{\"@id\":\"https:\/\/ts.tioent.com\/sample-page\/#local-main-organization-logo\"},\"image\":{\"@id\":\"https:\/\/ts.tioent.com\/sample-page\/#local-main-organization-logo\"},\"sameAs\":[\"https:\/\/www.facebook.com\/acustrip\",\"https:\/\/www.linkedin.com\/company\/acustrip-co-inc\",\"https:\/\/www.youtube.com\/channel\/UCmuAH9Zkcsz-QYed7c3qDjg\"],\"openingHoursSpecification\":[{\"@type\":\"OpeningHoursSpecification\",\"dayOfWeek\":[\"Monday\",\"Tuesday\",\"Wednesday\",\"Thursday\",\"Friday\",\"Saturday\",\"Sunday\"],\"opens\":\"09:00\",\"closes\":\"17:00\"}]},{\"@type\":\"ImageObject\",\"inLanguage\":\"es\",\"@id\":\"https:\/\/ts.tioent.com\/sample-page\/#local-main-organization-logo\",\"url\":\"https:\/\/ts.tioent.com\/wp-content\/uploads\/2023\/09\/acuLogo_sm70.png\",\"contentUrl\":\"https:\/\/ts.tioent.com\/wp-content\/uploads\/2023\/09\/acuLogo_sm70.png\",\"width\":175,\"height\":70,\"caption\":\"Testpaper\"}]}<\/script>\n<!-- \/ Yoast SEO Premium plugin. -->","yoast_head_json":{"title":"Sample Page - Testpaper","robots":{"index":"index","follow":"follow","max-snippet":"max-snippet:-1","max-image-preview":"max-image-preview:large","max-video-preview":"max-video-preview:-1"},"canonical":"https:\/\/ts.tioent.com\/es\/pagina-de-muestra\/","og_locale":"es_ES","og_type":"article","og_title":"Sample Page","og_description":"This is an example page. It's different from a blog pos [&hellip;]","og_url":"https:\/\/ts.tioent.com\/es\/pagina-de-muestra\/","og_site_name":"Testpaper","article_publisher":"https:\/\/www.facebook.com\/acustrip","article_modified_time":"2023-09-07T02:20:13+00:00","twitter_card":"summary_large_image","twitter_misc":{"Tiempo de lectura":"1 minuto"},"schema":{"@context":"https:\/\/schema.org","@graph":[{"@type":"WebPage","@id":"https:\/\/ts.tioent.com\/sample-page\/","url":"https:\/\/ts.tioent.com\/sample-page\/","name":"Sample Page - Testpaper","isPartOf":{"@id":"https:\/\/ts.tioent.com\/#website"},"datePublished":"2023-09-06T16:15:50+00:00","dateModified":"2023-09-07T02:20:13+00:00","breadcrumb":{"@id":"https:\/\/ts.tioent.com\/sample-page\/#breadcrumb"},"inLanguage":"es","potentialAction":[{"@type":"ReadAction","target":["https:\/\/ts.tioent.com\/sample-page\/"]}]},{"@type":"BreadcrumbList","@id":"https:\/\/ts.tioent.com\/sample-page\/#breadcrumb","itemListElement":[{"@type":"ListItem","position":1,"name":"\u9996\u9801","item":"https:\/\/ts.tioent.com\/"},{"@type":"ListItem","position":2,"name":"Sample Page"}]},{"@type":"WebSite","@id":"https:\/\/ts.tioent.com\/#website","url":"https:\/\/ts.tioent.com\/","name":"Testpaper","description":"","publisher":{"@id":"https:\/\/ts.tioent.com\/#organization"},"potentialAction":[{"@type":"SearchAction","target":{"@type":"EntryPoint","urlTemplate":"https:\/\/ts.tioent.com\/?s={search_term_string}"},"query-input":"required name=search_term_string"}],"inLanguage":"es"},{"@type":["Organization","Place"],"@id":"https:\/\/ts.tioent.com\/#organization","name":"Testpaper","url":"https:\/\/ts.tioent.com\/","logo":{"@id":"https:\/\/ts.tioent.com\/sample-page\/#local-main-organization-logo"},"image":{"@id":"https:\/\/ts.tioent.com\/sample-page\/#local-main-organization-logo"},"sameAs":["https:\/\/www.facebook.com\/acustrip","https:\/\/www.linkedin.com\/company\/acustrip-co-inc","https:\/\/www.youtube.com\/channel\/UCmuAH9Zkcsz-QYed7c3qDjg"],"openingHoursSpecification":[{"@type":"OpeningHoursSpecification","dayOfWeek":["Monday","Tuesday","Wednesday","Thursday","Friday","Saturday","Sunday"],"opens":"09:00","closes":"17:00"}]},{"@type":"ImageObject","inLanguage":"es","@id":"https:\/\/ts.tioent.com\/sample-page\/#local-main-organization-logo","url":"https:\/\/ts.tioent.com\/wp-content\/uploads\/2023\/09\/acuLogo_sm70.png","contentUrl":"https:\/\/ts.tioent.com\/wp-content\/uploads\/2023\/09\/acuLogo_sm70.png","width":175,"height":70,"caption":"Testpaper"}]}},"jetpack_sharing_enabled":true,"_links":{"self":[{"href":"https:\/\/ts.tioent.com\/es\/wp-json\/wp\/v2\/pages\/2","targetHints":{"allow":["GET"]}}],"collection":[{"href":"https:\/\/ts.tioent.com\/es\/wp-json\/wp\/v2\/pages"}],"about":[{"href":"https:\/\/ts.tioent.com\/es\/wp-json\/wp\/v2\/types\/page"}],"author":[{"embeddable":true,"href":"https:\/\/ts.tioent.com\/es\/wp-json\/wp\/v2\/users\/1"}],"replies":[{"embeddable":true,"href":"https:\/\/ts.tioent.com\/es\/wp-json\/wp\/v2\/comments?post=2"}],"version-history":[{"count":1,"href":"https:\/\/ts.tioent.com\/es\/wp-json\/wp\/v2\/pages\/2\/revisions"}],"predecessor-version":[{"id":48,"href":"https:\/\/ts.tioent.com\/es\/wp-json\/wp\/v2\/pages\/2\/revisions\/48"}],"wp:attachment":[{"href":"https:\/\/ts.tioent.com\/es\/wp-json\/wp\/v2\/media?parent=2"}],"curies":[{"name":"wp","href":"https:\/\/api.w.org\/{rel}","templated":true}]}}